{"id":35,"date":"2023-12-13T22:26:47","date_gmt":"2023-12-13T22:26:47","guid":{"rendered":"https:\/\/site14.arn1103.uqat.ca\/?page_id=35"},"modified":"2023-12-13T22:26:47","modified_gmt":"2023-12-13T22:26:47","slug":"nous-contacter","status":"publish","type":"page","link":"https:\/\/site14.arn1103.uqat.ca\/index.php\/nous-contacter\/","title":{"rendered":"Nous contacter"},"content":{"rendered":"\n<p>Num\u00e9ro de t\u00e9l\u00e9phone : 819-629-9987  <\/p>\n\n\n\n<p>Services \u00e0 la client\u00e8le ouvert 7 jours sur 7 de 9h \u00e0 17h <\/p>\n\n\n\n<p class=\"has-accent-4-background-color has-background\"><strong>R\u00e9seaux sociaux <\/strong><\/p>\n\n\n\n<p>Instagram: @versunmondeplusvert<\/p>\n\n\n\n<p>Facebook :@versunmondeplusvert<\/p>\n\n\n\n<p class=\"has-accent-4-background-color has-background\"><strong>Autres contact<\/strong>s<\/p>\n\n\n\n<p>Courriel: versunmondeplusvert@gmail.com <\/p>\n\n\n\n<p>T\u00e9l\u00e9phone : 819-629-9987<\/p>\n","protected":false},"excerpt":{"rendered":"<p>Num\u00e9ro de t\u00e9l\u00e9phone : 819-629-9987 Services \u00e0 la client\u00e8le ouvert 7 jours sur 7 de 9h \u00e0 17h R\u00e9seaux sociaux Instagram: @versunmondeplusvert Facebook :@versunmondeplusvert Autres contacts Courriel: versunmondeplusvert@gmail.com T\u00e9l\u00e9phone : 819-629-9987<\/p>\n","protected":false},"author":1,"featured_media":0,"parent":0,"menu_order":0,"comment_status":"closed","ping_status":"closed","template":"","meta":{"footnotes":""},"class_list":["post-35","page","type-page","status-publish","hentry"],"_links":{"self":[{"href":"https:\/\/site14.arn1103.uqat.ca\/index.php\/wp-json\/wp\/v2\/pages\/35","targetHints":{"allow":["GET"]}}],"collection":[{"href":"https:\/\/site14.arn1103.uqat.ca\/index.php\/wp-json\/wp\/v2\/pages"}],"about":[{"href":"https:\/\/site14.arn1103.uqat.ca\/index.php\/wp-json\/wp\/v2\/types\/page"}],"author":[{"embeddable":true,"href":"https:\/\/site14.arn1103.uqat.ca\/index.php\/wp-json\/wp\/v2\/users\/1"}],"replies":[{"embeddable":true,"href":"https:\/\/site14.arn1103.uqat.ca\/index.php\/wp-json\/wp\/v2\/comments?post=35"}],"version-history":[{"count":1,"href":"https:\/\/site14.arn1103.uqat.ca\/index.php\/wp-json\/wp\/v2\/pages\/35\/revisions"}],"predecessor-version":[{"id":36,"href":"https:\/\/site14.arn1103.uqat.ca\/index.php\/wp-json\/wp\/v2\/pages\/35\/revisions\/36"}],"wp:attachment":[{"href":"https:\/\/site14.arn1103.uqat.ca\/index.php\/wp-json\/wp\/v2\/media?parent=35"}],"curies":[{"name":"wp","href":"https:\/\/api.w.org\/{rel}","templated":true}]}}