{"id":3,"date":"2023-11-27T21:02:47","date_gmt":"2023-11-27T21:02:47","guid":{"rendered":"https:\/\/site14.arn1103.uqat.ca\/?page_id=3"},"modified":"2023-12-13T21:39:43","modified_gmt":"2023-12-13T21:39:43","slug":"privacy-policy","status":"publish","type":"page","link":"https:\/\/site14.arn1103.uqat.ca\/index.php\/privacy-policy\/","title":{"rendered":"Politique de confidentialit\u00e9"},"content":{"rendered":"\n<h2 class=\"wp-block-heading\"><\/h2>\n\n\n\n<p><\/p>\n\n\n\n<h2 class=\"wp-block-heading\">INFORMATIONS PERSONNELLES RECUEILLIES<\/h2>\n\n\n\n<p><br><br><br>Lorsque vous vous rendez sur le Site, nous recueillons automatiquement certaines informations concernant votre appareil, notamment des informations sur votre navigateur web, votre adresse IP, votre fuseau horaire et certains des cookies qui sont install\u00e9s sur votre appareil. En outre, lorsque vous parcourez le Site, nous recueillons des informations sur les pages web ou produits individuels que vous consultez, les sites web ou les termes de recherche qui vous ont permis d&rsquo;arriver sur le Site, ainsi que des informations sur la mani\u00e8re dont vous interagissez avec le Site. Nous d\u00e9signons ces informations collect\u00e9es automatiquement sous l&rsquo;appellation \u00ab\u00a0Informations sur l&rsquo;appareil\u00a0\u00bb.<br><br>Nous recueillons les Informations sur l&rsquo;appareil \u00e0 l&rsquo;aide des technologies suivantes\u00a0:<br><br>FICHIERS T\u00c9MOINS (COOKIES)<br><br>Voici une liste de fichiers t\u00e9moins que nous utilisons. Nous les avons \u00e9num\u00e9r\u00e9s ici pour que vous ayez la possibilit\u00e9 de choisir si vous souhaitez les autoriser ou non.<br><br>_session_id, identificateur unique de session, permet \u00e0 Shopify de stocker les informations relatives \u00e0 votre session (r\u00e9f\u00e9rent, page de renvoi, etc.).<br><br>_shopify_visit, aucune donn\u00e9e retenue, persiste pendant 30 minutes depuis la derni\u00e8re visite. Utilis\u00e9 par le syst\u00e8me interne de suivi des statistiques du fournisseur de notre site web pour enregistrer le nombre de visites.<br><br>_shopify_uniq, aucune donn\u00e9e retenue, expire \u00e0 minuit (selon l\u2019emplacement du visiteur) le jour suivant. Calcule le nombre de visites d\u2019une boutique par client unique.<br><br>cart, identificateur unique, persiste pendant 2 semaines, stocke l\u2019information relative \u00e0 votre panier d\u2019achat.<br><br>_secure_session_id, identificateur unique de session<br><br>storefront_digest, identificateur unique, ind\u00e9fini si la boutique poss\u00e8de un mot de passe, il est utilis\u00e9 pour savoir si le visiteur actuel a acc\u00e8s.<\/p>\n\n\n\n<p><br>&#8211; Les \u00ab&nbsp;fichiers journaux&nbsp;\u00bb suivent l&rsquo;activit\u00e9 du Site et recueillent des donn\u00e9es telles que votre adresse IP, le type de navigateur que vous utilisez, votre fournisseur d&rsquo;acc\u00e8s Internet, vos pages r\u00e9f\u00e9rentes et de sortie, et vos donn\u00e9es d&rsquo;horodatage (date et heure).<\/p>\n\n\n\n<p><br>&#8211; Les \u00ab&nbsp;pixels invisibles&nbsp;\u00bb, les \u00ab&nbsp;balises&nbsp;\u00bb et les \u00ab&nbsp;pixels&nbsp;\u00bb sont des fichiers \u00e9lectroniques qui enregistrent des informations sur la fa\u00e7on dont vous parcourez le Site.<\/p>\n\n\n\n<p><br>Par ailleurs, lorsque vous effectuez ou tentez d&rsquo;effectuer un achat par le biais du Site, nous recueillons certaines informations vous concernant, notamment votre nom, votre adresse de facturation, votre adresse d&rsquo;exp\u00e9dition, vos informations de paiement (y compris vos num\u00e9ros de cartes de cr\u00e9dit, votre adresse e-mail et votre num\u00e9ro de t\u00e9l\u00e9phone. Ces informations collect\u00e9es automatiquement sont d\u00e9sign\u00e9es par l\u2019appellation \u00ab\u00a0Informations sur la commande\u00a0\u00bb.<br><br>Lorsque nous utilisons l&rsquo;expression \u00ab\u00a0Informations personnelles\u00a0\u00bb dans la pr\u00e9sente Politique de confidentialit\u00e9, nous faisons allusion \u00e0 la fois aux Informations sur l&rsquo;appareil et aux Informations sur la commande.<br><br><br><br>PARTAGE DE VOS INFORMATIONS PERSONNELLES<br><br>Nous partageons vos Informations personnelles avec des tiers qui nous aident \u00e0 les utiliser aux fins d\u00e9crites pr\u00e9c\u00e9demment. Par exemple, nous utilisons Shopify pour h\u00e9berger notre boutique en ligne \u2013 pour en savoir plus sur l&rsquo;utilisation de vos Informations personnelles par Shopify, veuillez consulter la page suivante\u00a0:\u00a0<a href=\"https:\/\/www.shopify.fr\/legal\/confidentialite\" target=\"_blank\" rel=\"noreferrer noopener\">https:\/\/www.shopify.fr\/legal\/confidentialite<\/a>. Nous utilisons \u00e9galement Google Analytics pour mieux comprendre comment nos clients utilisent le Site \u2013 pour en savoir plus sur l&rsquo;utilisation de vos Informations personnelles par Google, veuillez consulter la page suivante\u00a0:\u00a0<a href=\"https:\/\/www.google.com\/intl\/fr\/policies\/privacy\/\" target=\"_blank\" rel=\"noreferrer noopener\">https:\/\/www.google.com\/intl\/fr\/policies\/privacy\/<\/a>. Vous pouvez aussi d\u00e9sactiver Google Analytics ici\u00a0:\u00a0<a href=\"https:\/\/tools.google.com\/dlpage\/gaoptout\" target=\"_blank\" rel=\"noreferrer noopener\">https:\/\/tools.google.com\/dlpage\/gaoptout<\/a>.<br><br>Enfin, il se peut que nous partagions aussi vos Informations personnelles pour respecter les lois et r\u00e8glementations applicables, r\u00e9pondre \u00e0 une assignation, \u00e0 un mandat de perquisition ou \u00e0 toute autre demande l\u00e9gale de renseignements que nous recevons, ou pour prot\u00e9ger nos droits.<\/p>\n\n\n\n<h2 class=\"wp-block-heading\">COMMENT UTILISONS-NOUS VOS INFORMATIONS PERSONNELLES\u00a0<\/h2>\n\n\n\n<p>En r\u00e8gle g\u00e9n\u00e9rale, nous utilisons les Informations sur la commande que nous recueillons pour traiter toute commande pass\u00e9e par le biais du Site (y compris pour traiter vos informations de paiement, organiser l&rsquo;exp\u00e9dition de votre commande et vous fournir des factures et\/ou des confirmations de commande). En outre, nous utilisons ces Informations sur la commande pour\u00a0:<br>communiquer avec vous\u00a0;<br>\u00e9valuer les fraudes ou risques potentiels\u00a0;<br>et lorsque cela correspond aux pr\u00e9f\u00e9rences que vous nous avez communiqu\u00e9es, vous fournir des informations ou des publicit\u00e9s concernant nos produits ou services.<br><br>Nous utilisons les Informations sur l&rsquo;appareil (en particulier votre adresse IP) que nous recueillons pour \u00e9valuer les fraudes ou risques potentiels et, de mani\u00e8re plus g\u00e9n\u00e9rale, pour am\u00e9liorer et optimiser notre Site (par exemple, en g\u00e9n\u00e9rant des analyses sur la fa\u00e7on dont nos clients parcourent et interagissent avec le Site, et pour \u00e9valuer la r\u00e9ussite de nos campagnes de publicit\u00e9 et de marketing).<\/p>\n\n\n\n<h2 class=\"wp-block-heading\">Fichiers t\u00e9moins (Cookies)<\/h2>\n\n\n\n<p>Voici une liste de fichiers t\u00e9moins que nous utilisons. Nous les avons \u00e9num\u00e9r\u00e9s ici pour que vous ayez la possibilit\u00e9 de choisir si vous souhaitez les autoriser ou non.<br><br>_session_id, identificateur unique de session, permet \u00e0 Shopify de stocker les informations relatives \u00e0 votre session (r\u00e9f\u00e9rent, page de renvoi, etc.).<br><br>_shopify_visit, aucune donn\u00e9e retenue, persiste pendant 30 minutes depuis la derni\u00e8re visite. Utilis\u00e9 par le syst\u00e8me interne de suivi des statistiques du fournisseur de notre site web pour enregistrer le nombre de visites.<br><br>_shopify_uniq, aucune donn\u00e9e retenue, expire \u00e0 minuit (selon l\u2019emplacement du visiteur) le jour suivant. Calcule le nombre de visites d\u2019une boutique par client unique.<br><br>cart, identificateur unique, persiste pendant 2 semaines, stocke l\u2019information relative \u00e0 votre panier d\u2019achat.<br><br>_secure_session_id, identificateur unique de session<br><br>storefront_digest, identificateur unique, ind\u00e9fini si la boutique poss\u00e8de un mot de passe, il est utilis\u00e9 pour savoir si le visiteur actuel a acc\u00e8s.<\/p>\n\n\n\n<p><br>&#8211; Les \u00ab&nbsp;fichiers journaux&nbsp;\u00bb suivent l&rsquo;activit\u00e9 du Site et recueillent des donn\u00e9es telles que votre adresse IP, le type de navigateur que vous utilisez, votre fournisseur d&rsquo;acc\u00e8s Internet, vos pages r\u00e9f\u00e9rentes et de sortie, et vos donn\u00e9es d&rsquo;horodatage (date et heure).<\/p>\n\n\n\n<p><br>&#8211; Les \u00ab&nbsp;pixels invisibles&nbsp;\u00bb, les \u00ab&nbsp;balises&nbsp;\u00bb et les \u00ab&nbsp;pixels&nbsp;\u00bb sont des fichiers \u00e9lectroniques qui enregistrent des informations sur la fa\u00e7on dont vous parcourez le Site.<\/p>\n\n\n\n<p><br>Par ailleurs, lorsque vous effectuez ou tentez d&rsquo;effectuer un achat par le biais du Site, nous recueillons certaines informations vous concernant, notamment votre nom, votre adresse de facturation, votre adresse d&rsquo;exp\u00e9dition, vos informations de paiement (y compris vos num\u00e9ros de cartes de cr\u00e9dit, votre adresse e-mail et votre num\u00e9ro de t\u00e9l\u00e9phone. Ces informations collect\u00e9es automatiquement sont d\u00e9sign\u00e9es par l\u2019appellation \u00ab&nbsp;Informations sur la commande&nbsp;\u00bb.<br><br>Lorsque nous utilisons l&rsquo;expression \u00ab&nbsp;Informations personnelles&nbsp;\u00bb dans la pr\u00e9sente Politique de confidentialit\u00e9, nous faisons allusion \u00e0 la fois aux Informations sur l&rsquo;appareil et aux Informations sur la commande.<\/p>\n\n\n\n<h2 class=\"wp-block-heading\"><\/h2>\n\n\n\n<figure class=\"wp-block-image size-large\"><img loading=\"lazy\" decoding=\"async\" width=\"683\" height=\"1024\" src=\"https:\/\/site14.arn1103.uqat.ca\/wp-content\/uploads\/2023\/12\/pexels-arthur-ogleznev-1296265-683x1024.jpg\" alt=\"\" class=\"wp-image-20\" srcset=\"https:\/\/site14.arn1103.uqat.ca\/wp-content\/uploads\/2023\/12\/pexels-arthur-ogleznev-1296265-683x1024.jpg 683w, https:\/\/site14.arn1103.uqat.ca\/wp-content\/uploads\/2023\/12\/pexels-arthur-ogleznev-1296265-200x300.jpg 200w, https:\/\/site14.arn1103.uqat.ca\/wp-content\/uploads\/2023\/12\/pexels-arthur-ogleznev-1296265-768x1152.jpg 768w, https:\/\/site14.arn1103.uqat.ca\/wp-content\/uploads\/2023\/12\/pexels-arthur-ogleznev-1296265-1024x1536.jpg 1024w, https:\/\/site14.arn1103.uqat.ca\/wp-content\/uploads\/2023\/12\/pexels-arthur-ogleznev-1296265-1365x2048.jpg 1365w, https:\/\/site14.arn1103.uqat.ca\/wp-content\/uploads\/2023\/12\/pexels-arthur-ogleznev-1296265-scaled.jpg 1707w\" sizes=\"auto, (max-width: 683px) 100vw, 683px\" \/><\/figure>\n","protected":false},"excerpt":{"rendered":"<p>INFORMATIONS PERSONNELLES RECUEILLIES Lorsque vous vous rendez sur le Site, nous recueillons automatiquement certaines informations concernant votre appareil, notamment des informations sur votre navigateur web, votre adresse IP, votre fuseau horaire et certains des cookies qui sont install\u00e9s sur votre appareil. En outre, lorsque vous parcourez le Site, nous recueillons des informations sur les pages [&hellip;]<\/p>\n","protected":false},"author":1,"featured_media":0,"parent":0,"menu_order":0,"comment_status":"closed","ping_status":"closed","template":"","meta":{"footnotes":""},"class_list":["post-3","page","type-page","status-publish","hentry"],"_links":{"self":[{"href":"https:\/\/site14.arn1103.uqat.ca\/index.php\/wp-json\/wp\/v2\/pages\/3","targetHints":{"allow":["GET"]}}],"collection":[{"href":"https:\/\/site14.arn1103.uqat.ca\/index.php\/wp-json\/wp\/v2\/pages"}],"about":[{"href":"https:\/\/site14.arn1103.uqat.ca\/index.php\/wp-json\/wp\/v2\/types\/page"}],"author":[{"embeddable":true,"href":"https:\/\/site14.arn1103.uqat.ca\/index.php\/wp-json\/wp\/v2\/users\/1"}],"replies":[{"embeddable":true,"href":"https:\/\/site14.arn1103.uqat.ca\/index.php\/wp-json\/wp\/v2\/comments?post=3"}],"version-history":[{"count":1,"href":"https:\/\/site14.arn1103.uqat.ca\/index.php\/wp-json\/wp\/v2\/pages\/3\/revisions"}],"predecessor-version":[{"id":21,"href":"https:\/\/site14.arn1103.uqat.ca\/index.php\/wp-json\/wp\/v2\/pages\/3\/revisions\/21"}],"wp:attachment":[{"href":"https:\/\/site14.arn1103.uqat.ca\/index.php\/wp-json\/wp\/v2\/media?parent=3"}],"curies":[{"name":"wp","href":"https:\/\/api.w.org\/{rel}","templated":true}]}}