{"id":25,"date":"2023-12-13T22:03:24","date_gmt":"2023-12-13T22:03:24","guid":{"rendered":"https:\/\/site14.arn1103.uqat.ca\/?page_id=25"},"modified":"2023-12-13T22:03:24","modified_gmt":"2023-12-13T22:03:24","slug":"service","status":"publish","type":"page","link":"https:\/\/site14.arn1103.uqat.ca\/index.php\/service\/","title":{"rendered":"Service"},"content":{"rendered":"\n<p>Nous-offrons un plateforme web d&rsquo;\u00e9ducation en d\u00e9veloppement durable. Voici les diff\u00e9rent forfait que nous offrons <\/p>\n\n\n\n<p>Exp\u00e9rience interactive avec plateforme-Web pour tout cat\u00e9gorie d&rsquo;\u00e2ge .  La plate-forme est intuitive et comprend des vid\u00e9os \u00e9ducatif, du mat\u00e9riel culturel tel que des courts-m\u00e9trages documentaires et fictions. Ainsi que des capsules \u00e9ducatives de 5 minutes sur diff\u00e9rent truc \u00e0 int\u00e9gr\u00e9 dans le quotidien afin d&rsquo;am\u00e9liorer notre rapport avec la consommation. <\/p>\n\n\n\n<p>Activit\u00e9 et exercise sont \u00e9galement comprise. <\/p>\n\n\n\n<p><\/p>\n\n\n\n<p>Abonnement mensuel 35$<\/p>\n\n\n\n<p>Abonnement annuel : 250$ <\/p>\n\n\n\n<p><\/p>\n\n\n\n<p><\/p>\n\n\n\n<figure class=\"wp-block-image size-large\"><img loading=\"lazy\" decoding=\"async\" width=\"1024\" height=\"684\" src=\"https:\/\/site14.arn1103.uqat.ca\/wp-content\/uploads\/2023\/12\/pexels-buro-millennial-1438081-1024x684.jpg\" alt=\"\" class=\"wp-image-27\" srcset=\"https:\/\/site14.arn1103.uqat.ca\/wp-content\/uploads\/2023\/12\/pexels-buro-millennial-1438081-1024x684.jpg 1024w, https:\/\/site14.arn1103.uqat.ca\/wp-content\/uploads\/2023\/12\/pexels-buro-millennial-1438081-300x200.jpg 300w, https:\/\/site14.arn1103.uqat.ca\/wp-content\/uploads\/2023\/12\/pexels-buro-millennial-1438081-768x513.jpg 768w, https:\/\/site14.arn1103.uqat.ca\/wp-content\/uploads\/2023\/12\/pexels-buro-millennial-1438081-1536x1025.jpg 1536w, https:\/\/site14.arn1103.uqat.ca\/wp-content\/uploads\/2023\/12\/pexels-buro-millennial-1438081-2048x1367.jpg 2048w\" sizes=\"auto, (max-width: 1024px) 100vw, 1024px\" \/><\/figure>\n","protected":false},"excerpt":{"rendered":"<p>Nous-offrons un plateforme web d&rsquo;\u00e9ducation en d\u00e9veloppement durable. Voici les diff\u00e9rent forfait que nous offrons Exp\u00e9rience interactive avec plateforme-Web pour tout cat\u00e9gorie d&rsquo;\u00e2ge . La plate-forme est intuitive et comprend des vid\u00e9os \u00e9ducatif, du mat\u00e9riel culturel tel que des courts-m\u00e9trages documentaires et fictions. Ainsi que des capsules \u00e9ducatives de 5 minutes sur diff\u00e9rent truc \u00e0 [&hellip;]<\/p>\n","protected":false},"author":1,"featured_media":0,"parent":0,"menu_order":0,"comment_status":"closed","ping_status":"closed","template":"","meta":{"footnotes":""},"class_list":["post-25","page","type-page","status-publish","hentry"],"_links":{"self":[{"href":"https:\/\/site14.arn1103.uqat.ca\/index.php\/wp-json\/wp\/v2\/pages\/25","targetHints":{"allow":["GET"]}}],"collection":[{"href":"https:\/\/site14.arn1103.uqat.ca\/index.php\/wp-json\/wp\/v2\/pages"}],"about":[{"href":"https:\/\/site14.arn1103.uqat.ca\/index.php\/wp-json\/wp\/v2\/types\/page"}],"author":[{"embeddable":true,"href":"https:\/\/site14.arn1103.uqat.ca\/index.php\/wp-json\/wp\/v2\/users\/1"}],"replies":[{"embeddable":true,"href":"https:\/\/site14.arn1103.uqat.ca\/index.php\/wp-json\/wp\/v2\/comments?post=25"}],"version-history":[{"count":2,"href":"https:\/\/site14.arn1103.uqat.ca\/index.php\/wp-json\/wp\/v2\/pages\/25\/revisions"}],"predecessor-version":[{"id":28,"href":"https:\/\/site14.arn1103.uqat.ca\/index.php\/wp-json\/wp\/v2\/pages\/25\/revisions\/28"}],"wp:attachment":[{"href":"https:\/\/site14.arn1103.uqat.ca\/index.php\/wp-json\/wp\/v2\/media?parent=25"}],"curies":[{"name":"wp","href":"https:\/\/api.w.org\/{rel}","templated":true}]}}